{"id":3122,"date":"2023-03-09T12:11:31","date_gmt":"2023-03-09T12:11:31","guid":{"rendered":"https:\/\/myrecruitingmastery.com\/o-nama\/"},"modified":"2023-05-23T10:16:10","modified_gmt":"2023-05-23T10:16:10","slug":"o-nama","status":"publish","type":"page","link":"https:\/\/myrecruitingmastery.com\/sr\/o-nama\/","title":{"rendered":"O nama"},"content":{"rendered":"\t\t<div data-elementor-type=\"wp-page\" data-elementor-id=\"3122\" class=\"elementor elementor-3122 elementor-1088\" data-elementor-post-type=\"page\">\n\t\t\t\t\t\t\t\t\t<section class=\"elementor-section elementor-top-section elementor-element elementor-element-35e26f3 elementor-section-boxed elementor-section-height-default elementor-section-height-default\" data-id=\"35e26f3\" data-element_type=\"section\" data-settings=\"{&quot;background_background&quot;:&quot;gradient&quot;,&quot;shape_divider_bottom&quot;:&quot;curve&quot;,&quot;shape_divider_bottom_negative&quot;:&quot;yes&quot;}\">\n\t\t\t\t\t\t\t<div class=\"elementor-background-overlay\"><\/div>\n\t\t\t\t\t\t<div class=\"elementor-shape elementor-shape-bottom\" data-negative=\"true\">\n\t\t\t<svg xmlns=\"http:\/\/www.w3.org\/2000\/svg\" viewBox=\"0 0 1000 100\" preserveAspectRatio=\"none\">\n\t<path class=\"elementor-shape-fill\" d=\"M500,97C126.7,96.3,0.8,19.8,0,0v100l1000,0V1C1000,19.4,873.3,97.8,500,97z\"\/>\n<\/svg>\t\t<\/div>\n\t\t\t\t\t<div class=\"elementor-container elementor-column-gap-default\">\n\t\t\t\t\t<div class=\"elementor-column elementor-col-100 elementor-top-column elementor-element elementor-element-ddbe13a\" data-id=\"ddbe13a\" data-element_type=\"column\">\n\t\t\t<div class=\"elementor-widget-wrap elementor-element-populated\">\n\t\t\t\t\t\t\t\t<div class=\"elementor-element elementor-element-6ef13bc elementor-widget elementor-widget-heading\" data-id=\"6ef13bc\" data-element_type=\"widget\" data-widget_type=\"heading.default\">\n\t\t\t\t<div class=\"elementor-widget-container\">\n\t\t\t<style>\/*! elementor - v3.14.0 - 26-06-2023 *\/\n.elementor-heading-title{padding:0;margin:0;line-height:1}.elementor-widget-heading .elementor-heading-title[class*=elementor-size-]>a{color:inherit;font-size:inherit;line-height:inherit}.elementor-widget-heading .elementor-heading-title.elementor-size-small{font-size:15px}.elementor-widget-heading .elementor-heading-title.elementor-size-medium{font-size:19px}.elementor-widget-heading .elementor-heading-title.elementor-size-large{font-size:29px}.elementor-widget-heading .elementor-heading-title.elementor-size-xl{font-size:39px}.elementor-widget-heading .elementor-heading-title.elementor-size-xxl{font-size:59px}<\/style><h2 class=\"elementor-heading-title elementor-size-default\">O nama<\/h2>\t\t<\/div>\n\t\t\t\t<\/div>\n\t\t\t\t\t<\/div>\n\t\t<\/div>\n\t\t\t\t\t\t\t<\/div>\n\t\t<\/section>\n\t\t\t\t<section class=\"elementor-section elementor-top-section elementor-element elementor-element-1cb57e55 elementor-section-boxed elementor-section-height-default elementor-section-height-default\" data-id=\"1cb57e55\" data-element_type=\"section\">\n\t\t\t\t\t\t<div class=\"elementor-container elementor-column-gap-default\">\n\t\t\t\t\t<div class=\"elementor-column elementor-col-50 elementor-top-column elementor-element elementor-element-1be08ec6 elementor-invisible\" data-id=\"1be08ec6\" data-element_type=\"column\" data-settings=\"{&quot;animation&quot;:&quot;fadeInLeft&quot;,&quot;background_background&quot;:&quot;classic&quot;}\">\n\t\t\t<div class=\"elementor-widget-wrap elementor-element-populated\">\n\t\t\t\t\t\t\t\t<div class=\"elementor-element elementor-element-20edd6a elementor-widget elementor-widget-heading\" data-id=\"20edd6a\" data-element_type=\"widget\" data-widget_type=\"heading.default\">\n\t\t\t\t<div class=\"elementor-widget-container\">\n\t\t\t<h2 class=\"elementor-heading-title elementor-size-default\">Ko smo mi?<\/h2>\t\t<\/div>\n\t\t\t\t<\/div>\n\t\t\t\t<div class=\"elementor-element elementor-element-6296b4d0 elementor-widget elementor-widget-text-editor\" data-id=\"6296b4d0\" data-element_type=\"widget\" data-widget_type=\"text-editor.default\">\n\t\t\t\t<div class=\"elementor-widget-container\">\n\t\t\t<style>\/*! elementor - v3.14.0 - 26-06-2023 *\/\n.elementor-widget-text-editor.elementor-drop-cap-view-stacked .elementor-drop-cap{background-color:#69727d;color:#fff}.elementor-widget-text-editor.elementor-drop-cap-view-framed .elementor-drop-cap{color:#69727d;border:3px solid;background-color:transparent}.elementor-widget-text-editor:not(.elementor-drop-cap-view-default) .elementor-drop-cap{margin-top:8px}.elementor-widget-text-editor:not(.elementor-drop-cap-view-default) .elementor-drop-cap-letter{width:1em;height:1em}.elementor-widget-text-editor .elementor-drop-cap{float:left;text-align:center;line-height:1;font-size:50px}.elementor-widget-text-editor .elementor-drop-cap-letter{display:inline-block}<\/style>\t\t\t\t<p>Sa vi\u0161e od 5 godina iskustva u regrutovanju voza\u010da, na\u0161 tim je posvec\u0301en pru\u017eanju najboljeg i najsveobuhvatnijeg kursa za regrutovanje voza\u010da na tr\u017ei\u0161tu. Od potpunih po\u010detnika, do naprednih pojedinaca &#8211; na\u0161 kurs je osmi\u0161ljen da pomogne pojedincima ili kompanijama da savladaju ve\u0161tinu regrutovanja voza\u010da, sa prakti\u010dnim savetima, strategijama i informacijama za koje je dokazano da rade.<\/p>\n<p>Kurs je napravljen tako da ga svi razumeju i mogu zapo\u010deti karijeru u Ameri\u010dkoj transportnoj industriji.<\/p>\n<p>Verujemo da je na\u0161 kurs najbolja investicija u koju mo\u017eete da ulo\u017eite za svoju karijeru ili posao, i uvereni smo da c\u0301e prema\u0161iti va\u0161a o\u010dekivanja.<br \/>\nPotrudic\u0301emo se da dobijete punu podr\u0161ku i pomoc\u0301 koja vam je potrebna tokom procesa, \u010dak i kada vas pripremamo za intervjue.<\/p>\n<p>Ne propustite ovu priliku da svoje ve\u0161tine regrutovanja podignete na vi\u0161i nivo. Upi\u0161ite se na na\u0161 kurs danas i po\u010dnite da vidite rezultate odmah!<\/p>\n\t\t\t\t\t\t<\/div>\n\t\t\t\t<\/div>\n\t\t\t\t<section class=\"elementor-section elementor-inner-section elementor-element elementor-element-766f3c16 elementor-section-content-middle elementor-section-boxed elementor-section-height-default elementor-section-height-default\" data-id=\"766f3c16\" data-element_type=\"section\">\n\t\t\t\t\t\t<div class=\"elementor-container elementor-column-gap-no\">\n\t\t\t\t\t<div class=\"elementor-column elementor-col-100 elementor-inner-column elementor-element elementor-element-5e2cb7e3\" data-id=\"5e2cb7e3\" data-element_type=\"column\">\n\t\t\t<div class=\"elementor-widget-wrap elementor-element-populated\">\n\t\t\t\t\t\t\t\t<div class=\"elementor-element elementor-element-38675090 elementor-align-left elementor-mobile-align-justify elementor-widget elementor-widget-button\" data-id=\"38675090\" data-element_type=\"widget\" data-widget_type=\"button.default\">\n\t\t\t\t<div class=\"elementor-widget-container\">\n\t\t\t\t\t<div class=\"elementor-button-wrapper\">\n\t\t\t<a class=\"elementor-button elementor-button-link elementor-size-sm elementor-animation-float\" href=\"https:\/\/myrecruitingmastery.com\/contact-us\/\">\n\t\t\t\t\t\t<span class=\"elementor-button-content-wrapper\">\n\t\t\t\t\t\t<span class=\"elementor-button-text\">Kontaktirajte nas<\/span>\n\t\t<\/span>\n\t\t\t\t\t<\/a>\n\t\t<\/div>\n\t\t\t\t<\/div>\n\t\t\t\t<\/div>\n\t\t\t\t\t<\/div>\n\t\t<\/div>\n\t\t\t\t\t\t\t<\/div>\n\t\t<\/section>\n\t\t\t\t\t<\/div>\n\t\t<\/div>\n\t\t\t\t<div class=\"elementor-column elementor-col-50 elementor-top-column elementor-element elementor-element-4149c423\" data-id=\"4149c423\" data-element_type=\"column\">\n\t\t\t<div class=\"elementor-widget-wrap elementor-element-populated\">\n\t\t\t\t\t\t\t\t<div class=\"elementor-element elementor-element-2189b5fb elementor-align-center elementor-widget elementor-widget-lottie\" data-id=\"2189b5fb\" data-element_type=\"widget\" data-settings=\"{&quot;source_json&quot;:{&quot;url&quot;:&quot;https:\\\/\\\/myrecruitingmastery.com\\\/wp-content\\\/uploads\\\/2023\\\/03\\\/101924-half-of-it.json&quot;,&quot;id&quot;:1098,&quot;size&quot;:&quot;&quot;,&quot;alt&quot;:&quot;&quot;,&quot;source&quot;:&quot;library&quot;},&quot;loop&quot;:&quot;yes&quot;,&quot;source&quot;:&quot;media_file&quot;,&quot;caption_source&quot;:&quot;none&quot;,&quot;link_to&quot;:&quot;none&quot;,&quot;trigger&quot;:&quot;arriving_to_viewport&quot;,&quot;viewport&quot;:{&quot;unit&quot;:&quot;%&quot;,&quot;size&quot;:&quot;&quot;,&quot;sizes&quot;:{&quot;start&quot;:0,&quot;end&quot;:100}},&quot;play_speed&quot;:{&quot;unit&quot;:&quot;px&quot;,&quot;size&quot;:1,&quot;sizes&quot;:[]},&quot;start_point&quot;:{&quot;unit&quot;:&quot;%&quot;,&quot;size&quot;:&quot;0&quot;,&quot;sizes&quot;:[]},&quot;end_point&quot;:{&quot;unit&quot;:&quot;%&quot;,&quot;size&quot;:&quot;100&quot;,&quot;sizes&quot;:[]},&quot;renderer&quot;:&quot;svg&quot;}\" data-widget_type=\"lottie.default\">\n\t\t\t\t<div class=\"elementor-widget-container\">\n\t\t\t<style>\/*! elementor-pro - v3.14.0 - 26-06-2023 *\/\n.e-lottie__container{display:inline-block;max-width:var(--lottie-container-max-width);width:var(--lottie-container-width);opacity:var(--lottie-container-opacity)}.e-lottie__container:hover{opacity:var(--lottie-container-opacity-hover);transition-duration:var(--lottie-container-transition-duration-hover)}.e-lottie__container svg,.e-lottie__container svg *{transition:none!important}.e-lottie__caption{color:var(--caption-color);margin-top:var(--caption-margin-top);text-align:var(--caption-text-align)}<\/style><div class=\"e-lottie__container\"><div class=\"e-lottie__animation\"><\/div><\/div>\t\t<\/div>\n\t\t\t\t<\/div>\n\t\t\t\t\t<\/div>\n\t\t<\/div>\n\t\t\t\t\t\t\t<\/div>\n\t\t<\/section>\n\t\t\t\t\t\t\t<\/div>\n\t\t","protected":false},"excerpt":{"rendered":"<p>O nama Ko smo mi? Sa vi\u0161e od 5 godina iskustva u regrutovanju voza\u010da, na\u0161 tim je posvec\u0301en pru\u017eanju najboljeg i najsveobuhvatnijeg kursa za regrutovanje voza\u010da na tr\u017ei\u0161tu. Od potpunih po\u010detnika, do naprednih pojedinaca &#8211; na\u0161 kurs je osmi\u0161ljen da pomogne pojedincima ili kompanijama da savladaju ve\u0161tinu regrutovanja voza\u010da, sa prakti\u010dnim savetima, strategijama i informacijama &hellip;<\/p>\n<p class=\"read-more\"> <a class=\"\" href=\"https:\/\/myrecruitingmastery.com\/sr\/o-nama\/\"> <span class=\"screen-reader-text\">O nama<\/span> \u041f\u0440\u043e\u0447\u0438\u0442\u0430\u0458 \u0432\u0438\u0448\u0435 &raquo;<\/a><\/p>\n","protected":false},"author":1,"featured_media":0,"parent":0,"menu_order":0,"comment_status":"closed","ping_status":"closed","template":"","meta":{"site-sidebar-layout":"no-sidebar","site-content-layout":"page-builder","ast-global-header-display":"","ast-banner-title-visibility":"","ast-main-header-display":"","ast-hfb-above-header-display":"","ast-hfb-below-header-display":"","ast-hfb-mobile-header-display":"","site-post-title":"disabled","ast-breadcrumbs-content":"","ast-featured-img":"disabled","footer-sml-layout":"","theme-transparent-header-meta":"","adv-header-id-meta":"","stick-header-meta":"","header-above-stick-meta":"","header-main-stick-meta":"","header-below-stick-meta":"","footnotes":""},"class_list":["post-3122","page","type-page","status-publish","hentry"],"yoast_head":"<!-- This site is optimized with the Yoast SEO plugin v20.12 - https:\/\/yoast.com\/wordpress\/plugins\/seo\/ -->\n<title>O nama - My Recruiting Mastery<\/title>\n<meta name=\"robots\" content=\"index, follow, max-snippet:-1, max-image-preview:large, max-video-preview:-1\" \/>\n<link rel=\"canonical\" href=\"https:\/\/myrecruitingmastery.com\/about-us\/\" \/>\n<meta property=\"og:locale\" content=\"sr_RS\" \/>\n<meta property=\"og:type\" content=\"article\" \/>\n<meta property=\"og:title\" content=\"O nama - My Recruiting Mastery\" \/>\n<meta property=\"og:description\" content=\"O nama Ko smo mi? Sa vi\u0161e od 5 godina iskustva u regrutovanju voza\u010da, na\u0161 tim je posvec\u0301en pru\u017eanju najboljeg i najsveobuhvatnijeg kursa za regrutovanje voza\u010da na tr\u017ei\u0161tu. Od potpunih po\u010detnika, do naprednih pojedinaca &#8211; na\u0161 kurs je osmi\u0161ljen da pomogne pojedincima ili kompanijama da savladaju ve\u0161tinu regrutovanja voza\u010da, sa prakti\u010dnim savetima, strategijama i informacijama &hellip; O nama \u041f\u0440\u043e\u0447\u0438\u0442\u0430\u0458 \u0432\u0438\u0448\u0435 &raquo;\" \/>\n<meta property=\"og:url\" content=\"https:\/\/myrecruitingmastery.com\/about-us\/\" \/>\n<meta property=\"og:site_name\" content=\"My Recruiting Mastery\" \/>\n<meta property=\"article:modified_time\" content=\"2023-05-23T10:16:10+00:00\" \/>\n<meta name=\"twitter:card\" content=\"summary_large_image\" \/>\n<meta name=\"twitter:label1\" content=\"\u041f\u0440\u043e\u0446\u0435\u045a\u0435\u043d\u043e \u0432\u0440\u0435\u043c\u0435 \u0447\u0438\u0442\u0430\u045a\u0430\" \/>\n\t<meta name=\"twitter:data1\" content=\"1 \u043c\u0438\u043d\u0443\u0442\" \/>\n<script type=\"application\/ld+json\" class=\"yoast-schema-graph\">{\"@context\":\"https:\/\/schema.org\",\"@graph\":[{\"@type\":\"WebPage\",\"@id\":\"https:\/\/myrecruitingmastery.com\/about-us\/\",\"url\":\"https:\/\/myrecruitingmastery.com\/about-us\/\",\"name\":\"O nama - My Recruiting Mastery\",\"isPartOf\":{\"@id\":\"https:\/\/myrecruitingmastery.com\/#website\"},\"datePublished\":\"2023-03-09T12:11:31+00:00\",\"dateModified\":\"2023-05-23T10:16:10+00:00\",\"breadcrumb\":{\"@id\":\"https:\/\/myrecruitingmastery.com\/about-us\/#breadcrumb\"},\"inLanguage\":\"sr-RS\",\"potentialAction\":[{\"@type\":\"ReadAction\",\"target\":[\"https:\/\/myrecruitingmastery.com\/about-us\/\"]}]},{\"@type\":\"BreadcrumbList\",\"@id\":\"https:\/\/myrecruitingmastery.com\/about-us\/#breadcrumb\",\"itemListElement\":[{\"@type\":\"ListItem\",\"position\":1,\"name\":\"Home\",\"item\":\"https:\/\/myrecruitingmastery.com\/\"},{\"@type\":\"ListItem\",\"position\":2,\"name\":\"O nama\"}]},{\"@type\":\"WebSite\",\"@id\":\"https:\/\/myrecruitingmastery.com\/#website\",\"url\":\"https:\/\/myrecruitingmastery.com\/\",\"name\":\"My Recruiting Mastery\",\"description\":\"My Recruiting Mastery\",\"potentialAction\":[{\"@type\":\"SearchAction\",\"target\":{\"@type\":\"EntryPoint\",\"urlTemplate\":\"https:\/\/myrecruitingmastery.com\/?s={search_term_string}\"},\"query-input\":\"required name=search_term_string\"}],\"inLanguage\":\"sr-RS\"}]}<\/script>\n<!-- \/ Yoast SEO plugin. -->","yoast_head_json":{"title":"O nama - My Recruiting Mastery","robots":{"index":"index","follow":"follow","max-snippet":"max-snippet:-1","max-image-preview":"max-image-preview:large","max-video-preview":"max-video-preview:-1"},"canonical":"https:\/\/myrecruitingmastery.com\/about-us\/","og_locale":"sr_RS","og_type":"article","og_title":"O nama - My Recruiting Mastery","og_description":"O nama Ko smo mi? Sa vi\u0161e od 5 godina iskustva u regrutovanju voza\u010da, na\u0161 tim je posvec\u0301en pru\u017eanju najboljeg i najsveobuhvatnijeg kursa za regrutovanje voza\u010da na tr\u017ei\u0161tu. Od potpunih po\u010detnika, do naprednih pojedinaca &#8211; na\u0161 kurs je osmi\u0161ljen da pomogne pojedincima ili kompanijama da savladaju ve\u0161tinu regrutovanja voza\u010da, sa prakti\u010dnim savetima, strategijama i informacijama &hellip; O nama \u041f\u0440\u043e\u0447\u0438\u0442\u0430\u0458 \u0432\u0438\u0448\u0435 &raquo;","og_url":"https:\/\/myrecruitingmastery.com\/about-us\/","og_site_name":"My Recruiting Mastery","article_modified_time":"2023-05-23T10:16:10+00:00","twitter_card":"summary_large_image","twitter_misc":{"\u041f\u0440\u043e\u0446\u0435\u045a\u0435\u043d\u043e \u0432\u0440\u0435\u043c\u0435 \u0447\u0438\u0442\u0430\u045a\u0430":"1 \u043c\u0438\u043d\u0443\u0442"},"schema":{"@context":"https:\/\/schema.org","@graph":[{"@type":"WebPage","@id":"https:\/\/myrecruitingmastery.com\/about-us\/","url":"https:\/\/myrecruitingmastery.com\/about-us\/","name":"O nama - My Recruiting Mastery","isPartOf":{"@id":"https:\/\/myrecruitingmastery.com\/#website"},"datePublished":"2023-03-09T12:11:31+00:00","dateModified":"2023-05-23T10:16:10+00:00","breadcrumb":{"@id":"https:\/\/myrecruitingmastery.com\/about-us\/#breadcrumb"},"inLanguage":"sr-RS","potentialAction":[{"@type":"ReadAction","target":["https:\/\/myrecruitingmastery.com\/about-us\/"]}]},{"@type":"BreadcrumbList","@id":"https:\/\/myrecruitingmastery.com\/about-us\/#breadcrumb","itemListElement":[{"@type":"ListItem","position":1,"name":"Home","item":"https:\/\/myrecruitingmastery.com\/"},{"@type":"ListItem","position":2,"name":"O nama"}]},{"@type":"WebSite","@id":"https:\/\/myrecruitingmastery.com\/#website","url":"https:\/\/myrecruitingmastery.com\/","name":"My Recruiting Mastery","description":"My Recruiting Mastery","potentialAction":[{"@type":"SearchAction","target":{"@type":"EntryPoint","urlTemplate":"https:\/\/myrecruitingmastery.com\/?s={search_term_string}"},"query-input":"required name=search_term_string"}],"inLanguage":"sr-RS"}]}},"_links":{"self":[{"href":"https:\/\/myrecruitingmastery.com\/sr\/wp-json\/wp\/v2\/pages\/3122","targetHints":{"allow":["GET"]}}],"collection":[{"href":"https:\/\/myrecruitingmastery.com\/sr\/wp-json\/wp\/v2\/pages"}],"about":[{"href":"https:\/\/myrecruitingmastery.com\/sr\/wp-json\/wp\/v2\/types\/page"}],"author":[{"embeddable":true,"href":"https:\/\/myrecruitingmastery.com\/sr\/wp-json\/wp\/v2\/users\/1"}],"replies":[{"embeddable":true,"href":"https:\/\/myrecruitingmastery.com\/sr\/wp-json\/wp\/v2\/comments?post=3122"}],"version-history":[{"count":1,"href":"https:\/\/myrecruitingmastery.com\/sr\/wp-json\/wp\/v2\/pages\/3122\/revisions"}],"predecessor-version":[{"id":3123,"href":"https:\/\/myrecruitingmastery.com\/sr\/wp-json\/wp\/v2\/pages\/3122\/revisions\/3123"}],"wp:attachment":[{"href":"https:\/\/myrecruitingmastery.com\/sr\/wp-json\/wp\/v2\/media?parent=3122"}],"curies":[{"name":"wp","href":"https:\/\/api.w.org\/{rel}","templated":true}]}}