{"id":3169,"date":"2023-02-23T12:31:38","date_gmt":"2023-02-23T12:31:38","guid":{"rendered":"https:\/\/myrecruitingmastery.com\/pravila-o-privatnosti\/"},"modified":"2023-05-26T14:43:27","modified_gmt":"2023-05-26T14:43:27","slug":"pravila-o-privatnosti","status":"publish","type":"page","link":"https:\/\/myrecruitingmastery.com\/sr\/pravila-o-privatnosti\/","title":{"rendered":"Pravila o privatnosti"},"content":{"rendered":"\t\t<div data-elementor-type=\"wp-page\" data-elementor-id=\"3169\" class=\"elementor elementor-3169 elementor-326\" data-elementor-post-type=\"page\">\n\t\t\t\t\t\t\t\t\t<section class=\"elementor-section elementor-top-section elementor-element elementor-element-92cb60e elementor-section-full_width elementor-section-height-default elementor-section-height-default\" data-id=\"92cb60e\" data-element_type=\"section\" data-settings=\"{&quot;background_background&quot;:&quot;classic&quot;}\">\n\t\t\t\t\t\t<div class=\"elementor-container elementor-column-gap-no\">\n\t\t\t\t\t<div class=\"elementor-column elementor-col-100 elementor-top-column elementor-element elementor-element-c957ae4\" data-id=\"c957ae4\" data-element_type=\"column\">\n\t\t\t<div class=\"elementor-widget-wrap elementor-element-populated\">\n\t\t\t\t\t\t\t\t<div class=\"elementor-element elementor-element-832c645 elementor-widget elementor-widget-heading\" data-id=\"832c645\" data-element_type=\"widget\" data-widget_type=\"heading.default\">\n\t\t\t\t<div class=\"elementor-widget-container\">\n\t\t\t<style>\/*! elementor - v3.14.0 - 26-06-2023 *\/\n.elementor-heading-title{padding:0;margin:0;line-height:1}.elementor-widget-heading .elementor-heading-title[class*=elementor-size-]>a{color:inherit;font-size:inherit;line-height:inherit}.elementor-widget-heading .elementor-heading-title.elementor-size-small{font-size:15px}.elementor-widget-heading .elementor-heading-title.elementor-size-medium{font-size:19px}.elementor-widget-heading .elementor-heading-title.elementor-size-large{font-size:29px}.elementor-widget-heading .elementor-heading-title.elementor-size-xl{font-size:39px}.elementor-widget-heading .elementor-heading-title.elementor-size-xxl{font-size:59px}<\/style><h2 class=\"elementor-heading-title elementor-size-default\">Pravila o privatnosti<\/h2>\t\t<\/div>\n\t\t\t\t<\/div>\n\t\t\t\t\t<\/div>\n\t\t<\/div>\n\t\t\t\t\t\t\t<\/div>\n\t\t<\/section>\n\t\t\t\t<section class=\"elementor-section elementor-top-section elementor-element elementor-element-9a9ecd9 elementor-section-boxed elementor-section-height-default elementor-section-height-default\" data-id=\"9a9ecd9\" data-element_type=\"section\">\n\t\t\t\t\t\t<div class=\"elementor-container elementor-column-gap-default\">\n\t\t\t\t\t<div class=\"elementor-column elementor-col-100 elementor-top-column elementor-element elementor-element-0fc00dc\" data-id=\"0fc00dc\" data-element_type=\"column\">\n\t\t\t<div class=\"elementor-widget-wrap elementor-element-populated\">\n\t\t\t\t\t\t\t\t<div class=\"elementor-element elementor-element-471f54f elementor-widget elementor-widget-text-editor\" data-id=\"471f54f\" data-element_type=\"widget\" data-widget_type=\"text-editor.default\">\n\t\t\t\t<div class=\"elementor-widget-container\">\n\t\t\t<style>\/*! elementor - v3.14.0 - 26-06-2023 *\/\n.elementor-widget-text-editor.elementor-drop-cap-view-stacked .elementor-drop-cap{background-color:#69727d;color:#fff}.elementor-widget-text-editor.elementor-drop-cap-view-framed .elementor-drop-cap{color:#69727d;border:3px solid;background-color:transparent}.elementor-widget-text-editor:not(.elementor-drop-cap-view-default) .elementor-drop-cap{margin-top:8px}.elementor-widget-text-editor:not(.elementor-drop-cap-view-default) .elementor-drop-cap-letter{width:1em;height:1em}.elementor-widget-text-editor .elementor-drop-cap{float:left;text-align:center;line-height:1;font-size:50px}.elementor-widget-text-editor .elementor-drop-cap-letter{display:inline-block}<\/style>\t\t\t\t<p>Ova Politika privatnosti je podlo\u017ena promjeni My Recruiting Mastery u bilo koje vrijeme i po na\u0161em naho\u0111enju bez prethodne najave a\u017euriranjem ove objave.<\/p>\n<p>Razumemo va\u017enost koju korisnici Interneta pridaju privatnosti, a ova Politika privatnosti opisuje kako koristimo li\u010dne podatke koji se prikupljaju na na\u0161oj veb lokaciji.<\/p>\n<p>Molimo vas da pro\u010ditate ovu Politiku privatnosti pre kori\u0161c\u0301enja ove veb stranice ili podno\u0161enja bilo kakvih li\u010dnih podataka. Rezidenti Makedonije, tako\u0111e pogledajte odeljak \u201eNapomena rezidentima Makedonije\u201c za dodatna prava koja se odnose na vas.<\/p>\n<p>Kori\u0161c\u0301enjem ove veb stranice prihvatate prakse privatnosti sadr\u017eane u ovoj Politici privatnosti. Podsti\u010demo vas da pregledate Politiku privatnosti svaki put kada posetite veb lokaciju kako biste bili sigurni da razumete kako c\u0301e se koristiti svi li\u010dni podaci koje navedete.<\/p>\n<p>Privatnost dece shvatamo veoma ozbiljno. Na\u0161i Uslovi i odredbe dozvoljavaju pristup ovoj veb stranici samo osobama starijim od osamnaest (18) godina. Zbog starosnih ograni\u010denja ove veb stranice, nijedna od dobijenih informacija Recruiting Masteri ne spada u Zakon o privatnosti dece na mre\u017ei (COPA). Me\u0111utim, ako nam je va\u0161e maloletno dete dalo li\u010dne informacije, mo\u017eete nas kontaktirati na broj telefona ili po\u0161tansku adresu navedene u Odeljku 8. ako \u017eelite da se ove informacije izbri\u0161u iz na\u0161e evidencije. Zatim c\u0301emo ulo\u017eiti razumne napore da uklonimo informacije o va\u0161em detetu iz baze podataka u kojoj se te informacije \u010duvaju.<\/p>\n<p>INFORMACIJE KOJE PRIKUPLJAMO<\/p>\n<p>Li\u010dne informacije<br \/>\nDa bismo slu\u017eili na\u0161im klijentima, prikupljamo li\u010dne informacije, kao \u0161to su imena, adrese, brojevi telefona, adrese e-po\u0161te, a ponekad i informacije o kreditnoj kartici kada te informacije dobrovoljno dostave na\u0161i posetioci. Va\u0161e li\u010dne podatke c\u0301emo koristiti samo u sledec\u0301e svrhe: (1) da vam isporu\u010dimo proizvode i\/ili usluge koje ste tra\u017eili; (2) da potvrdite svoju uskla\u0111enost sa odredbama i uslovima; (3) za pobolj\u0161anje sadr\u017eaja i povratne informacije; (4) da bismo vas kontaktirali, kada je to potrebno, u vezi sa va\u0161im kori\u0161c\u0301enjem veb stranice ili proizvoda Recruiting Masteri, i (5) za nekoliko situacija opisanih u nastavku da bi vam bolje slu\u017eile.<\/p>\n<p>NIKAD nec\u0301emo deliti va\u0161e li\u010dne podatke sa trec\u0301im licima osim ako nam za to niste dali izri\u010ditu dozvolu, na primer da bismo ispunili ponudu trec\u0301e strane koju ste prihvatili od nas. Ako nam dozvolite da prikupljamo ove informacije, moc\u0301i c\u0301ete da primate informacije o drugim proizvodima i uslugama koje bi vas mogle zanimati, uklju\u010dujuc\u0301i povezane ponude trec\u0301ih strana koje vam mo\u017eemo poslati. Tako\u0111e nam omoguc\u0301avate da personalizujemo va\u0161e iskustvo sa nama kako bismo vam pru\u017eili najvi\u0161i kvalitet usluge. Tako\u0111e mo\u017eemo koristiti ove informacije da bismo vas kontaktirali o moguc\u0301nostima zajedni\u010dkog ulaganja ako se \u010dini da biste bili odgovarajuc\u0301i partner za zajedni\u010dko ulaganje.<\/p>\n<p>Slanjem va\u0161e adrese e-po\u0161te na na\u0161oj veb stranici, saglasni ste da primate e-po\u0161tu od nas. Mo\u017eete da otka\u017eete svoje u\u010de\u0161c\u0301e na bilo kojoj od ovih lista e-po\u0161te u bilo kom trenutku klikom na vezu za odustajanje ili drugu opciju za odjavu koja je uklju\u010dena u odgovarajuc\u0301u e-po\u0161tu. \u0160aljemo e-po\u0161tu samo ljudima koji su nas ovlastili da ih kontaktiramo, bilo direktno ili preko trec\u0301e strane. Ne \u0161aljemo ne\u017eeljene komercijalne e-poruke, jer mrzimo ne\u017eeljenu po\u0161tu koliko i vi.<\/p>\n<p>Slanjem va\u0161e adrese e-po\u0161te tako\u0111e se sla\u017eete da nam dozvolite da koristimo va\u0161u adresu e-po\u0161te za prilago\u0111eno ciljanje publike na sajtovima kao \u0161to je Facebook, gde prikazujemo prilago\u0111eno ogla\u0161avanje odre\u0111enim ljudima koji su se opredelili da primaju komunikacije od nas.<\/p>\n<p>Pored toga, saglasni ste da podno\u0161enjem va\u0161ih telefonskih kontakt informacija na na\u0161oj veb stranici i\/ili registracijom za primanje proizvoda i\/ili usluge koji se ovde nude, takav \u010din predstavlja kupovinu, upit i\/ili prijavu za potrebe Izmenjeno pravilo o prodaji putem telemarketinga (ATSR), 16 CFR &#8216;310 i dalje. i sve va\u017eec\u0301e dr\u017eavne i lokalne propise o \u201ene zovi\u201c. Zadr\u017eavamo pravo da vas kontaktiramo putem telemarketinga u skladu sa ATSR-om i va\u017eec\u0301im dr\u017eavnim propisima.<\/p>\n<p>INFORMACIJE NE LI\u010cNE<\/p>\n<p>Tako\u0111e mo\u017eemo da prikupljamo razli\u010dite tipove informacija koje ne mogu da identifikuju da bismo vam pomogli da va\u0161e iskustvo u\u010dinimo prijatnijim, da merimo aktivnost sajta da bismo identifikovali buduc\u0301a pobolj\u0161anja koja bi trebalo da budu napravljena i da sakupimo zbirne podatke kako bismo pomogli posetiocima sajta da bolje slu\u017eimo. Na primer, mo\u017eemo da koristimo takve podatke za prilago\u0111avanje na\u0161ih reklama, razvijanje odgovarajuc\u0301ih anketnih pitanja, pobolj\u0161anje na\u0161eg poslovanja itd.<\/p>\n<p>Kao drugi primer, mo\u017eemo da koristimo \u201ekola\u010dic\u0301e\u201c sesija i trajne \u201ekola\u010dic\u0301e\u201c, evidencije sesija, veb svetionike, GIF\/piksel oznake, baner oglase, alatke za analizu klikova trec\u0301e strane (kao \u0161to je Google analitika), mre\u017ee trec\u0301e strane za ponovno ciljanje koje mogu da prikazuju na\u0161e reklame koje dobijate na drugim sajtovima koje posec\u0301ujete da bi vas podsetili na nas i mre\u017ee trec\u0301ih strana koje slu\u017ee e-porukama koje zahtevaju korisnici (npr. za e-po\u0161tu sa preporukama prijatelja) radi prikupljanja informacija koje ne mogu da identifikuju ili drugih zbirnih informacija o posetiocima sajta .<\/p>\n<p>Kola\u010dic\u0301i su tekstualne datoteke koje koristi veb pretra\u017eiva\u010d va\u0161eg ra\u010dunara za \u010duvanje va\u0161ih preferencija i omoguc\u0301avaju nam da pobolj\u0161amo va\u0161e korisni\u010dko iskustvo sa na\u0161om veb lokacijom. Mre\u017ee trec\u0301e strane za ponovno ciljanje mogu tako\u0111e koristiti kola\u010dic\u0301e da bi vam prikazale na\u0161e reklame na drugim sajtovima. Mo\u017eete da odustanete od kori\u0161c\u0301enja kola\u010dic\u0301a od strane dobavlja\u010da trec\u0301e strane tako \u0161to c\u0301ete posetiti stranicu za onemoguc\u0301avanje Netvork Advertising Initiative.<\/p>\n<p>E-poruke ili bilteni koje \u0161aljemo elektronskim putem mogu da koriste tehnike kao \u0161to su veb svetionici ili oznake piksela za prikupljanje metrike e-po\u0161te i informacija kako bi se pobolj\u0161alo iskustvo \u010ditaoca, kao \u0161to je broj otvorenih mejlova, da li su prosle\u0111eni ili od\u0161tampani, tip ure\u0111aja sa koje su otvorene i lokaciju (npr. grad, dr\u017eava i okrug) povezanu sa odgovarajuc\u0301om IP adresom.<\/p>\n<p>Ako posetite na\u0161u veb lokaciju sa otvorenim ID-om (kao \u0161to je Facebook), mo\u017eda tako\u0111e delite i integri\u0161ete podatke sa sajtovima dru\u0161tvenih medija trec\u0301ih strana, a mi mo\u017eemo da pratimo zbirne podatke o broju poseta veb lokaciji Recruiting Masteri pomoc\u0301u otvoreni ID, broj stavki koje su \u201esvi\u0111ale\u201c na ovoj veb lokaciji ili stavke na ovoj veb lokaciji koje odaberete da delite sa sajtom dru\u0161tvenih medija trec\u0301e strane.<\/p>\n<p>Druge strane kao \u0161to su partneri za ogla\u0161avanje i analiti\u010dke kompanije tako\u0111e mogu tokom vremena prikupljati informacije o va\u0161im aktivnostima na mre\u017ei na razli\u010ditim veb lokacijama. Informacije koje prikupljaju te trec\u0301e strane mogu uklju\u010divati identifikatore koji omoguc\u0301avaju tim trec\u0301im stranama da prilagode oglase koje prikazuju va\u0161em ra\u010dunaru ili drugom ure\u0111aju.<\/p>\n<p>Po\u0161to jo\u0161 uvek ne postoji op\u0161te razumevanje kako da se tuma\u010de signali \u201eNe prati\u201c zasnovani na veb pretra\u017eiva\u010du, osim kola\u010dic\u0301a, trenutno ne odgovaramo na signale \u201eNe prati\u201c koji su nedefinisani.<\/p>\n<p>Imajte na umu da imate opciju da konfiguri\u0161ete vec\u0301inu veb pretra\u017eiva\u010da da NE prihvataju kola\u010dic\u0301e. Me\u0111utim, imajte na umu da vam onemoguc\u0301avanje kola\u010dic\u0301a mo\u017ee spre\u010diti pristup nekim funkcijama ili uslugama na na\u0161oj veb lokaciji ili softveru hostovanom na vebu koji radi na na\u0161oj veb lokaciji.<\/p>\n<p>RADNJE TREC\u0301IH LICA<\/p>\n<p>Ne kontroli\u0161emo i ne snosimo odgovornost za radnje bilo koje trec\u0301e strane koje mo\u017eemo da promovi\u0161emo i\/ili do njih pove\u017eemo sa ovog sajta. Ponosimo se time \u0161to preporu\u010dujemo kvalitetne kompanije, ali nemamo kontrolu nad postupcima tih trec\u0301ih strana, sadr\u017eajem koji oni pru\u017eaju ili njihovim praksama privatnosti. Iako nismo odgovorni ni za jednu od radnji tih trec\u0301ih strana, slobodno nam povremeno dajte povratne informacije o svojim iskustvima sa bilo kojom trec\u0301om stranom sa kojom sara\u0111ujemo kako bismo mogli da pobolj\u0161amo na\u0161u buduc\u0301u uslugu svim klijentima .<\/p>\n<p>PRIVATNOST DECE<\/p>\n<p>Privatnost dece shvatamo veoma ozbiljno. Zbog starosnih ograni\u010denja ove veb stranice, nijedna informacija dobijena na ovoj veb lokaciji ne spada u Zakon o privatnosti dece na mre\u017ei (COPPA) i mi svesno ne nameravamo da prikupljamo li\u010dne informacije od dece mla\u0111e od 18 godina. Ako nam je va\u0161e maloletno dete dalo li\u010dne podatke, mo\u017eete da nas kontaktirate na broj telefona ili po\u0161tansku adresu navedene u odeljku pod naslovom \u201eKontaktirajte nas\u201c ako \u017eelite da ove informacije izbri\u0161emo iz na\u0161e evidencije. Zatim c\u0301emo ulo\u017eiti razumne napore da uklonimo informacije o va\u0161em detetu iz baze podataka u kojoj se te informacije \u010duvaju.<\/p>\n<p>IP ADRESE<\/p>\n<p>Mo\u017eemo da koristimo va\u0161u IP adresu da spre\u010dimo prevaru, da dijagnostikujemo probleme sa na\u0161im serverom, da prikupimo \u0161iroke demografske informacije i da vam ponudimo proizvode i usluge.<\/p>\n<p>PREDANOST BEZBEDNOSTI PODATAKA<\/p>\n<p>Sve informacije prikupljene od vas \u010duvaju se u tehni\u010dki i fizi\u010dki bezbednom okru\u017eenju. \u0160tavi\u0161e, zaposleni, ugovara\u010di i prodavci koji imaju pristup va\u0161im li\u010dnim podacima u vezi sa pru\u017eanjem usluga za nas su obavezni da \u010duvaju poverljivost informacija.<\/p>\n<p>Koristimo SSL enkripciju za za\u0161titu osetljivih informacija na mre\u017ei i \u010dinimo sve \u0161to mo\u017eemo da za\u0161titimo korisni\u010dke podatke van mre\u017ee. Na\u017ealost, nijedan prenos preko Interneta ne mo\u017ee biti 100% siguran. Kao rezultat toga, iako preduzimamo razumne mere da za\u0161titimo va\u0161e informacije, ne mo\u017eemo da obezbedimo ili garantujemo bezbednost informacija koje nam prenosite, a vi to \u010dinite na sopstveni rizik.<\/p>\n<p>&nbsp;<\/p>\n\t\t\t\t\t\t<\/div>\n\t\t\t\t<\/div>\n\t\t\t\t\t<\/div>\n\t\t<\/div>\n\t\t\t\t\t\t\t<\/div>\n\t\t<\/section>\n\t\t\t\t\t\t\t<\/div>\n\t\t","protected":false},"excerpt":{"rendered":"<p>Pravila o privatnosti Ova Politika privatnosti je podlo\u017ena promjeni My Recruiting Mastery u bilo koje vrijeme i po na\u0161em naho\u0111enju bez prethodne najave a\u017euriranjem ove objave. Razumemo va\u017enost koju korisnici Interneta pridaju privatnosti, a ova Politika privatnosti opisuje kako koristimo li\u010dne podatke koji se prikupljaju na na\u0161oj veb lokaciji. Molimo vas da pro\u010ditate ovu Politiku &hellip;<\/p>\n<p class=\"read-more\"> <a class=\"\" href=\"https:\/\/myrecruitingmastery.com\/sr\/pravila-o-privatnosti\/\"> <span class=\"screen-reader-text\">Pravila o privatnosti<\/span> \u041f\u0440\u043e\u0447\u0438\u0442\u0430\u0458 \u0432\u0438\u0448\u0435 &raquo;<\/a><\/p>\n","protected":false},"author":1,"featured_media":0,"parent":0,"menu_order":0,"comment_status":"closed","ping_status":"closed","template":"","meta":{"site-sidebar-layout":"no-sidebar","site-content-layout":"page-builder","ast-global-header-display":"","ast-banner-title-visibility":"","ast-main-header-display":"","ast-hfb-above-header-display":"","ast-hfb-below-header-display":"","ast-hfb-mobile-header-display":"","site-post-title":"disabled","ast-breadcrumbs-content":"","ast-featured-img":"disabled","footer-sml-layout":"","theme-transparent-header-meta":"","adv-header-id-meta":"","stick-header-meta":"","header-above-stick-meta":"","header-main-stick-meta":"","header-below-stick-meta":"","footnotes":""},"class_list":["post-3169","page","type-page","status-publish","hentry"],"yoast_head":"<!-- This site is optimized with the Yoast SEO plugin v20.12 - https:\/\/yoast.com\/wordpress\/plugins\/seo\/ -->\n<title>Pravila o privatnosti - My Recruiting Mastery<\/title>\n<meta name=\"robots\" content=\"index, follow, max-snippet:-1, max-image-preview:large, max-video-preview:-1\" \/>\n<link rel=\"canonical\" href=\"https:\/\/myrecruitingmastery.com\/privacy-policy-2\/\" \/>\n<meta property=\"og:locale\" content=\"sr_RS\" \/>\n<meta property=\"og:type\" content=\"article\" \/>\n<meta property=\"og:title\" content=\"Pravila o privatnosti - My Recruiting Mastery\" \/>\n<meta property=\"og:description\" content=\"Pravila o privatnosti Ova Politika privatnosti je podlo\u017ena promjeni My Recruiting Mastery u bilo koje vrijeme i po na\u0161em naho\u0111enju bez prethodne najave a\u017euriranjem ove objave. Razumemo va\u017enost koju korisnici Interneta pridaju privatnosti, a ova Politika privatnosti opisuje kako koristimo li\u010dne podatke koji se prikupljaju na na\u0161oj veb lokaciji. Molimo vas da pro\u010ditate ovu Politiku &hellip; Pravila o privatnosti \u041f\u0440\u043e\u0447\u0438\u0442\u0430\u0458 \u0432\u0438\u0448\u0435 &raquo;\" \/>\n<meta property=\"og:url\" content=\"https:\/\/myrecruitingmastery.com\/privacy-policy-2\/\" \/>\n<meta property=\"og:site_name\" content=\"My Recruiting Mastery\" \/>\n<meta property=\"article:modified_time\" content=\"2023-05-26T14:43:27+00:00\" \/>\n<meta name=\"twitter:card\" content=\"summary_large_image\" \/>\n<meta name=\"twitter:label1\" content=\"\u041f\u0440\u043e\u0446\u0435\u045a\u0435\u043d\u043e \u0432\u0440\u0435\u043c\u0435 \u0447\u0438\u0442\u0430\u045a\u0430\" \/>\n\t<meta name=\"twitter:data1\" content=\"8 \u043c\u0438\u043d\u0443\u0442\u0430\" \/>\n<script type=\"application\/ld+json\" class=\"yoast-schema-graph\">{\"@context\":\"https:\/\/schema.org\",\"@graph\":[{\"@type\":\"WebPage\",\"@id\":\"https:\/\/myrecruitingmastery.com\/privacy-policy-2\/\",\"url\":\"https:\/\/myrecruitingmastery.com\/privacy-policy-2\/\",\"name\":\"Pravila o privatnosti - My Recruiting Mastery\",\"isPartOf\":{\"@id\":\"https:\/\/myrecruitingmastery.com\/#website\"},\"datePublished\":\"2023-02-23T12:31:38+00:00\",\"dateModified\":\"2023-05-26T14:43:27+00:00\",\"breadcrumb\":{\"@id\":\"https:\/\/myrecruitingmastery.com\/privacy-policy-2\/#breadcrumb\"},\"inLanguage\":\"sr-RS\",\"potentialAction\":[{\"@type\":\"ReadAction\",\"target\":[\"https:\/\/myrecruitingmastery.com\/privacy-policy-2\/\"]}]},{\"@type\":\"BreadcrumbList\",\"@id\":\"https:\/\/myrecruitingmastery.com\/privacy-policy-2\/#breadcrumb\",\"itemListElement\":[{\"@type\":\"ListItem\",\"position\":1,\"name\":\"Home\",\"item\":\"https:\/\/myrecruitingmastery.com\/\"},{\"@type\":\"ListItem\",\"position\":2,\"name\":\"Pravila o privatnosti\"}]},{\"@type\":\"WebSite\",\"@id\":\"https:\/\/myrecruitingmastery.com\/#website\",\"url\":\"https:\/\/myrecruitingmastery.com\/\",\"name\":\"My Recruiting Mastery\",\"description\":\"My Recruiting Mastery\",\"potentialAction\":[{\"@type\":\"SearchAction\",\"target\":{\"@type\":\"EntryPoint\",\"urlTemplate\":\"https:\/\/myrecruitingmastery.com\/?s={search_term_string}\"},\"query-input\":\"required name=search_term_string\"}],\"inLanguage\":\"sr-RS\"}]}<\/script>\n<!-- \/ Yoast SEO plugin. -->","yoast_head_json":{"title":"Pravila o privatnosti - My Recruiting Mastery","robots":{"index":"index","follow":"follow","max-snippet":"max-snippet:-1","max-image-preview":"max-image-preview:large","max-video-preview":"max-video-preview:-1"},"canonical":"https:\/\/myrecruitingmastery.com\/privacy-policy-2\/","og_locale":"sr_RS","og_type":"article","og_title":"Pravila o privatnosti - My Recruiting Mastery","og_description":"Pravila o privatnosti Ova Politika privatnosti je podlo\u017ena promjeni My Recruiting Mastery u bilo koje vrijeme i po na\u0161em naho\u0111enju bez prethodne najave a\u017euriranjem ove objave. Razumemo va\u017enost koju korisnici Interneta pridaju privatnosti, a ova Politika privatnosti opisuje kako koristimo li\u010dne podatke koji se prikupljaju na na\u0161oj veb lokaciji. Molimo vas da pro\u010ditate ovu Politiku &hellip; Pravila o privatnosti \u041f\u0440\u043e\u0447\u0438\u0442\u0430\u0458 \u0432\u0438\u0448\u0435 &raquo;","og_url":"https:\/\/myrecruitingmastery.com\/privacy-policy-2\/","og_site_name":"My Recruiting Mastery","article_modified_time":"2023-05-26T14:43:27+00:00","twitter_card":"summary_large_image","twitter_misc":{"\u041f\u0440\u043e\u0446\u0435\u045a\u0435\u043d\u043e \u0432\u0440\u0435\u043c\u0435 \u0447\u0438\u0442\u0430\u045a\u0430":"8 \u043c\u0438\u043d\u0443\u0442\u0430"},"schema":{"@context":"https:\/\/schema.org","@graph":[{"@type":"WebPage","@id":"https:\/\/myrecruitingmastery.com\/privacy-policy-2\/","url":"https:\/\/myrecruitingmastery.com\/privacy-policy-2\/","name":"Pravila o privatnosti - My Recruiting Mastery","isPartOf":{"@id":"https:\/\/myrecruitingmastery.com\/#website"},"datePublished":"2023-02-23T12:31:38+00:00","dateModified":"2023-05-26T14:43:27+00:00","breadcrumb":{"@id":"https:\/\/myrecruitingmastery.com\/privacy-policy-2\/#breadcrumb"},"inLanguage":"sr-RS","potentialAction":[{"@type":"ReadAction","target":["https:\/\/myrecruitingmastery.com\/privacy-policy-2\/"]}]},{"@type":"BreadcrumbList","@id":"https:\/\/myrecruitingmastery.com\/privacy-policy-2\/#breadcrumb","itemListElement":[{"@type":"ListItem","position":1,"name":"Home","item":"https:\/\/myrecruitingmastery.com\/"},{"@type":"ListItem","position":2,"name":"Pravila o privatnosti"}]},{"@type":"WebSite","@id":"https:\/\/myrecruitingmastery.com\/#website","url":"https:\/\/myrecruitingmastery.com\/","name":"My Recruiting Mastery","description":"My Recruiting Mastery","potentialAction":[{"@type":"SearchAction","target":{"@type":"EntryPoint","urlTemplate":"https:\/\/myrecruitingmastery.com\/?s={search_term_string}"},"query-input":"required name=search_term_string"}],"inLanguage":"sr-RS"}]}},"_links":{"self":[{"href":"https:\/\/myrecruitingmastery.com\/sr\/wp-json\/wp\/v2\/pages\/3169","targetHints":{"allow":["GET"]}}],"collection":[{"href":"https:\/\/myrecruitingmastery.com\/sr\/wp-json\/wp\/v2\/pages"}],"about":[{"href":"https:\/\/myrecruitingmastery.com\/sr\/wp-json\/wp\/v2\/types\/page"}],"author":[{"embeddable":true,"href":"https:\/\/myrecruitingmastery.com\/sr\/wp-json\/wp\/v2\/users\/1"}],"replies":[{"embeddable":true,"href":"https:\/\/myrecruitingmastery.com\/sr\/wp-json\/wp\/v2\/comments?post=3169"}],"version-history":[{"count":3,"href":"https:\/\/myrecruitingmastery.com\/sr\/wp-json\/wp\/v2\/pages\/3169\/revisions"}],"predecessor-version":[{"id":3369,"href":"https:\/\/myrecruitingmastery.com\/sr\/wp-json\/wp\/v2\/pages\/3169\/revisions\/3369"}],"wp:attachment":[{"href":"https:\/\/myrecruitingmastery.com\/sr\/wp-json\/wp\/v2\/media?parent=3169"}],"curies":[{"name":"wp","href":"https:\/\/api.w.org\/{rel}","templated":true}]}}